{"id":207,"date":"2023-08-09T22:38:26","date_gmt":"2023-08-09T22:38:26","guid":{"rendered":"https:\/\/losandesoficial.store\/home\/?post_type=product&#038;p=207"},"modified":"2026-04-18T14:01:32","modified_gmt":"2026-04-18T17:01:32","slug":"gorra-trucker","status":"publish","type":"product","link":"https:\/\/losandesoficial.store\/home\/producto\/gorra-trucker\/","title":{"rendered":"Gorra trucker"},"content":{"rendered":"","protected":false},"excerpt":{"rendered":"<p>24 hs despu\u00e9s de haber realizado tu compra recibir\u00e1s un correo electr\u00f3nico detallando a partir de que fecha, horario y lugar estar\u00e1 disponible el producto para que pases a retirarlo.<\/p>\n","protected":false},"featured_media":1208,"template":"","meta":{"om_disable_all_campaigns":false,"_monsterinsights_skip_tracking":false,"_monsterinsights_sitenote_active":false,"_monsterinsights_sitenote_note":"","_monsterinsights_sitenote_category":0,"_uf_show_specific_survey":0,"_uf_disable_surveys":false},"product_brand":[],"product_cat":[30,29],"product_tag":[],"class_list":{"0":"post-207","1":"product","2":"type-product","3":"status-publish","4":"has-post-thumbnail","6":"product_cat-accesorios","7":"product_cat-gorras","9":"first","10":"instock","11":"shipping-taxable","12":"purchasable","13":"product-type-variable"},"supplier_id":null,"supplier_sku":"","barcode":null,"atum_controlled":true,"out_stock_date":null,"out_stock_threshold":null,"inheritable":true,"inbound_stock":null,"stock_on_hold":0,"sold_today":0,"sales_last_days":1,"reserved_stock":null,"customer_returns":null,"warehouse_damage":null,"lost_in_post":null,"other_logs":null,"out_stock_days":0,"lost_sales":0,"has_location":false,"update_date":"2026-04-29T22:31:46","atum_locations":[],"atum_stock_status":"instock","restock_status":false,"low_stock_amount":"","sales_update_date":"2026-04-29T22:31:46","calc_backorders":null,"aioseo_notices":[],"_links":{"self":[{"href":"https:\/\/losandesoficial.store\/home\/wp-json\/wp\/v2\/product\/207","targetHints":{"allow":["GET"]}}],"collection":[{"href":"https:\/\/losandesoficial.store\/home\/wp-json\/wp\/v2\/product"}],"about":[{"href":"https:\/\/losandesoficial.store\/home\/wp-json\/wp\/v2\/types\/product"}],"wp:featuredmedia":[{"embeddable":true,"href":"https:\/\/losandesoficial.store\/home\/wp-json\/wp\/v2\/media\/1208"}],"wp:attachment":[{"href":"https:\/\/losandesoficial.store\/home\/wp-json\/wp\/v2\/media?parent=207"}],"wp:term":[{"taxonomy":"product_brand","embeddable":true,"href":"https:\/\/losandesoficial.store\/home\/wp-json\/wp\/v2\/product_brand?post=207"},{"taxonomy":"product_cat","embeddable":true,"href":"https:\/\/losandesoficial.store\/home\/wp-json\/wp\/v2\/product_cat?post=207"},{"taxonomy":"product_tag","embeddable":true,"href":"https:\/\/losandesoficial.store\/home\/wp-json\/wp\/v2\/product_tag?post=207"}],"curies":[{"name":"wp","href":"https:\/\/api.w.org\/{rel}","templated":true}]}}